{"id":232,"date":"2021-10-18T10:38:39","date_gmt":"2021-10-18T07:38:39","guid":{"rendered":"https:\/\/venlaaakko.fi\/?page_id=232"},"modified":"2025-12-09T08:14:04","modified_gmt":"2025-12-09T06:14:04","slug":"journalisti","status":"publish","type":"page","link":"https:\/\/venlaaakko.fi\/en\/journalisti\/","title":{"rendered":"(suomeksi) Journalisti"},"content":{"rendered":"<p>Kirjoitin \u00e4itini viimeisest\u00e4 vuodesta jutun Helsingin Sanomien kuukausiliitteelle, ja juttu julkaistiin \u00e4itienp\u00e4iv\u00e4n\u00e4 2016. Lukijat l\u00e4hettiv\u00e4t palautetta t\u00e4st\u00e4 tarinasta pitk\u00e4\u00e4n. Lue <a href=\"http:\/\/venlaaakko.fi\/wp-content\/uploads\/2021\/10\/A\u0308itini-kuolee-1.pdf\" target=\"_blank\" rel=\"noreferrer noopener\" data-type=\"URL\" data-id=\"http:\/\/venlaaakko.fi\/wp-content\/uploads\/2021\/10\/A\u0308itini-kuolee-1.pdf\">juttu t\u00e4\u00e4lt\u00e4.<\/a><\/p>\r\n\r\n<h5 class=\"wp-block-heading\">\u00a0<\/h5>\r\n<h5>Viikko-Kaleva<\/h5>\r\n<h2>Miksi Matti Ahdetta pit\u00e4isi viel\u00e4 kiusata?<\/h2>\r\n\r\n\r\n\r\n<p>Vuonna 2002 Veikkauksen johtaja oli paljastunut ahdistelijaksi, mutta osa suomalaisista medioista julkaisi h\u00e4nest\u00e4 vain my\u00f6nteisi\u00e4 juttuja ja lopulta kohu k\u00e4\u00e4ntyi poliittiseksi voitoksi. Me too -liikett\u00e4 odotettiin viel\u00e4 kaksikymment\u00e4 vuotta sen j\u00e4lkeen, kun kirjoittamani <a href=\"https:\/\/www.kaleva.fi\/miksi-matti-ahdetta-pitaisi-viela-kiusata\/2203124\" target=\"_blank\" rel=\"noreferrer noopener\" data-type=\"URL\" data-id=\"https:\/\/www.kaleva.fi\/miksi-matti-ahdetta-pitaisi-viela-kiusata\/2203124\">kolumni<\/a> Ahteesta julkaistiin.<\/p>\r\n\r\n<h2 class=\"wp-block-heading\">Parlamentin mopo<\/h2>\r\n\r\n<p>&nbsp;<\/p>\r\n\r\n<p>Haastattelin vapaapainija The Vikingi\u00e4 eli kansanedustaja Tony Halmetta maaliskuussa 2003 h\u00e4nen ensimm\u00e4isen eduskuntap\u00e4iv\u00e4ns\u00e4 p\u00e4\u00e4tteeksi. Vietimme yhdess\u00e4 ikimuistoisen iltap\u00e4iv\u00e4n, jonka aikana k\u00e4vimme kansanedustajan kanssa muun muassa ostamassa t\u00e4m\u00e4n el\u00e4m\u00e4n ensimm\u00e4isen salkun. Halme oli valittu kansanedustajaksi saatuaan vaaleissa 16390 \u00e4\u00e4nt\u00e4, mik\u00e4 oli enemm\u00e4n kuin esimerkiksi samassa vaalipiiriss\u00e4 ehdolla olleen vaalit voittaneen keskustan silloisen puheenjohtajan Anneli J\u00e4\u00e4ttenm\u00e4en \u00e4\u00e4nim\u00e4\u00e4r\u00e4. Halme kuoli vuonna 2010.<br \/><a href=\"http:\/\/venlaaakko.fi\/wp-content\/uploads\/2021\/10\/Juttu-Toni-Halmeesta.pdf\" target=\"_blank\" rel=\"noreferrer noopener\" data-type=\"URL\" data-id=\"http:\/\/venlaaakko.fi\/wp-content\/uploads\/2021\/10\/Juttu-Toni-Halmeesta.pdf\">Lue juttu t\u00e4\u00e4lt\u00e4.<\/a><\/p>\r\n\r\n<p>&nbsp;<\/p>\r\n\r\n<h2 class=\"wp-block-heading\">\u00c4itini kuolee<\/h2>\r\n\r\n<p>&nbsp;<\/p>\r\n\r\n<p>Kirjoitin \u00e4itini viimeisest\u00e4 vuodesta jutun Helsingin Sanomien kuukausiliitteelle. Toimitus p\u00e4\u00e4tti julkaista sen \u00e4itienp\u00e4iv\u00e4n\u00e4 2016. Lukijat l\u00e4hettiv\u00e4t palautetta jutusta pitk\u00e4\u00e4n ja kertoivat omista menetyksist\u00e4\u00e4n. Lue \u00a0<a href=\"http:\/\/venlaaakko.fi\/wp-content\/uploads\/2021\/10\/A\u0308itini-kuolee-1.pdf\" target=\"_blank\" rel=\"noreferrer noopener\" data-type=\"URL\" data-id=\"http:\/\/venlaaakko.fi\/wp-content\/uploads\/2021\/10\/A\u0308itini-kuolee-1.pdf\">juttu t\u00e4\u00e4lt\u00e4 <\/a><\/p>\r\n\r\n<h2 class=\"wp-block-heading\"><br \/>Miksi Matti Ahdetta pit\u00e4isi viel\u00e4 kiusata?<\/h2>\r\n\r\n<p>&nbsp;<\/p>\r\n\r\n<p>Vuonna 2002 Veikkauksen johtaja oli paljastunut ahdistelijaksi, mutta osa suomalaisista medioista julkaisi h\u00e4nest\u00e4 vain my\u00f6nteisi\u00e4 juttuja ja lopulta kohu k\u00e4\u00e4ntyi poliittiseksi voitoksi. Kalevan <a href=\"https:\/\/www.kaleva.fi\/miksi-matti-ahdetta-pitaisi-viela-kiusata\/2203124\" target=\"_blank\" rel=\"noreferrer noopener\" data-type=\"URL\" data-id=\"https:\/\/www.kaleva.fi\/miksi-matti-ahdetta-pitaisi-viela-kiusata\/2203124\">kolumni<\/a> Ahteesta ilmestyi pari vuosikymment\u00e4 ennen\u00a0<em>me too<\/em>\u00a0-liikett\u00e4.<\/p>\r\n<!-- \/wp:paragraph --><!-- wp:post-content --><!-- wp:heading -->\r\n<h2>Parlamentin mopo<\/h2>\r\n<!-- \/wp:heading -->\r\n<p>&nbsp;<\/p>\r\n<!-- wp:paragraph -->\r\n<p>Haastattelin vapaapainija The Vikingi\u00e4 eli kansanedustaja Tony Halmetta maaliskuussa 2003 h\u00e4nen ensimm\u00e4isen eduskuntap\u00e4iv\u00e4ns\u00e4 p\u00e4\u00e4tteeksi. Vietimme yhdess\u00e4 ikimuistoisen iltap\u00e4iv\u00e4n, jonka aikana k\u00e4vimme kansanedustajan kanssa muun muassa ostamassa t\u00e4m\u00e4n el\u00e4m\u00e4n ensimm\u00e4isen salkun. Halme oli valittu kansanedustajaksi saatuaan vaaleissa 16390 \u00e4\u00e4nt\u00e4, mik\u00e4 oli enemm\u00e4n kuin esimerkiksi samassa vaalipiiriss\u00e4 ehdolla olleen vaalit voittaneen keskustan silloisen puheenjohtajan Anneli J\u00e4\u00e4ttenm\u00e4en \u00e4\u00e4nim\u00e4\u00e4r\u00e4. Halme kuoli vuonna 2010.<br \/><a href=\"http:\/\/venlaaakko.fi\/wp-content\/uploads\/2021\/10\/Juttu-Toni-Halmeesta.pdf\" target=\"_blank\" rel=\"noreferrer noopener\" data-type=\"URL\" data-id=\"http:\/\/venlaaakko.fi\/wp-content\/uploads\/2021\/10\/Juttu-Toni-Halmeesta.pdf\">Lue juttu t\u00e4\u00e4lt\u00e4.<\/a><\/p>\r\n<!-- \/wp:paragraph -->\r\n<p>&nbsp;<\/p>\r\n<!-- wp:heading -->\r\n<h2>\u00c4itini kuolee<\/h2>\r\n<!-- \/wp:heading -->\r\n<p>&nbsp;<\/p>\r\n<!-- wp:paragraph -->\r\n<p>Kirjoitin \u00e4itini viimeisest\u00e4 vuodesta jutun Helsingin Sanomien kuukausiliitteelle. Toimitus p\u00e4\u00e4tti julkaista sen \u00e4itienp\u00e4iv\u00e4n\u00e4 2016. Lukijat l\u00e4hettiv\u00e4t palautetta jutusta pitk\u00e4\u00e4n ja kertoivat omista menetyksist\u00e4\u00e4n. Lue \u00a0<a href=\"http:\/\/venlaaakko.fi\/wp-content\/uploads\/2021\/10\/A\u0308itini-kuolee-1.pdf\" target=\"_blank\" rel=\"noreferrer noopener\" data-type=\"URL\" data-id=\"http:\/\/venlaaakko.fi\/wp-content\/uploads\/2021\/10\/A\u0308itini-kuolee-1.pdf\">juttu t\u00e4\u00e4lt\u00e4 <\/a><\/p>\r\n<!-- wp:heading -->\r\n<h2><br \/>Miksi Matti Ahdetta pit\u00e4isi viel\u00e4 kiusata?<\/h2>\r\n<!-- \/wp:heading -->\r\n<p>&nbsp;<\/p>\r\n<!-- wp:paragraph -->\r\n<p>Vuonna 2002 Veikkauksen johtaja oli paljastunut ahdistelijaksi, mutta osa suomalaisista medioista julkaisi h\u00e4nest\u00e4 vain my\u00f6nteisi\u00e4 juttuja ja lopulta kohu k\u00e4\u00e4ntyi poliittiseksi voitoksi. Kalevan <a href=\"https:\/\/www.kaleva.fi\/miksi-matti-ahdetta-pitaisi-viela-kiusata\/2203124\" target=\"_blank\" rel=\"noreferrer noopener\" data-type=\"URL\" data-id=\"https:\/\/www.kaleva.fi\/miksi-matti-ahdetta-pitaisi-viela-kiusata\/2203124\">kolumni<\/a> Ahteesta ilmestyi pari vuosikymment\u00e4 ennen\u00a0<em>me too<\/em>\u00a0-liikett\u00e4.<\/p>\r\n<!-- \/wp:paragraph --><!-- \/wp:post-content -->","protected":false},"excerpt":{"rendered":"<p>Kirjoitin \u00e4itini viimeisest\u00e4 vuodesta jutun Helsingin Sanomien kuukausiliitteelle, ja juttu julkaistiin \u00e4itienp\u00e4iv\u00e4n\u00e4 2016. Lukijat l\u00e4hettiv\u00e4t palautetta t\u00e4st\u00e4 tarinasta pitk\u00e4\u00e4n. Lue juttu t\u00e4\u00e4lt\u00e4. \u00a0 Viikko-Kaleva Miksi Matti Ahdetta pit\u00e4isi viel\u00e4 kiusata? Vuonna 2002 Veikkauksen johtaja oli paljastunut ahdistelijaksi, mutta osa suomalaisista medioista julkaisi h\u00e4nest\u00e4 vain my\u00f6nteisi\u00e4 juttuja ja lopulta kohu k\u00e4\u00e4ntyi poliittiseksi voitoksi. Me too -liikett\u00e4 [&hellip;]<\/p>\n","protected":false},"author":2,"featured_media":0,"parent":0,"menu_order":0,"comment_status":"closed","ping_status":"closed","template":"","meta":{"_genesis_hide_title":false,"_genesis_hide_breadcrumbs":false,"_genesis_hide_singular_image":false,"_genesis_hide_footer_widgets":false,"_genesis_custom_body_class":"","_genesis_custom_post_class":"","_genesis_layout":"","footnotes":""},"class_list":{"0":"post-232","1":"page","2":"type-page","3":"status-publish","5":"entry"},"yoast_head":"<!-- This site is optimized with the Yoast SEO plugin v27.5 - https:\/\/yoast.com\/product\/yoast-seo-wordpress\/ -->\n<title>(suomeksi) Journalisti - Venla Aakko<\/title>\n<meta name=\"robots\" content=\"index, follow, max-snippet:-1, max-image-preview:large, max-video-preview:-1\" \/>\n<link rel=\"canonical\" href=\"https:\/\/venlaaakko.fi\/en\/journalisti\/\" \/>\n<meta property=\"og:locale\" content=\"en_US\" \/>\n<meta property=\"og:type\" content=\"article\" \/>\n<meta property=\"og:title\" content=\"(suomeksi) Journalisti - Venla Aakko\" \/>\n<meta property=\"og:description\" content=\"Kirjoitin \u00e4itini viimeisest\u00e4 vuodesta jutun Helsingin Sanomien kuukausiliitteelle, ja juttu julkaistiin \u00e4itienp\u00e4iv\u00e4n\u00e4 2016. Lukijat l\u00e4hettiv\u00e4t palautetta t\u00e4st\u00e4 tarinasta pitk\u00e4\u00e4n. Lue juttu t\u00e4\u00e4lt\u00e4. \u00a0 Viikko-Kaleva Miksi Matti Ahdetta pit\u00e4isi viel\u00e4 kiusata? Vuonna 2002 Veikkauksen johtaja oli paljastunut ahdistelijaksi, mutta osa suomalaisista medioista julkaisi h\u00e4nest\u00e4 vain my\u00f6nteisi\u00e4 juttuja ja lopulta kohu k\u00e4\u00e4ntyi poliittiseksi voitoksi. Me too -liikett\u00e4 [&hellip;]\" \/>\n<meta property=\"og:url\" content=\"https:\/\/venlaaakko.fi\/journalisti\/\" \/>\n<meta property=\"og:site_name\" content=\"Venla Aakko\" \/>\n<meta property=\"article:publisher\" content=\"https:\/\/www.facebook.com\/venla.aakko\" \/>\n<meta property=\"article:modified_time\" content=\"2025-12-09T06:14:04+00:00\" \/>\n<meta name=\"twitter:card\" content=\"summary_large_image\" \/>\n<meta name=\"twitter:label1\" content=\"Est. reading time\" \/>\n\t<meta name=\"twitter:data1\" content=\"2 minutes\" \/>\n<script type=\"application\/ld+json\" class=\"yoast-schema-graph\">{\"@context\":\"https:\\\/\\\/schema.org\",\"@graph\":[{\"@type\":\"WebPage\",\"@id\":\"https:\\\/\\\/venlaaakko.fi\\\/journalisti\\\/\",\"url\":\"https:\\\/\\\/venlaaakko.fi\\\/journalisti\\\/\",\"name\":\"(suomeksi) Journalisti - Venla Aakko\",\"isPartOf\":{\"@id\":\"https:\\\/\\\/venlaaakko.fi\\\/#website\"},\"datePublished\":\"2021-10-18T07:38:39+00:00\",\"dateModified\":\"2025-12-09T06:14:04+00:00\",\"breadcrumb\":{\"@id\":\"https:\\\/\\\/venlaaakko.fi\\\/journalisti\\\/#breadcrumb\"},\"inLanguage\":\"en-US\",\"potentialAction\":[{\"@type\":\"ReadAction\",\"target\":[\"https:\\\/\\\/venlaaakko.fi\\\/journalisti\\\/\"]}]},{\"@type\":\"BreadcrumbList\",\"@id\":\"https:\\\/\\\/venlaaakko.fi\\\/journalisti\\\/#breadcrumb\",\"itemListElement\":[{\"@type\":\"ListItem\",\"position\":1,\"name\":\"Etusivu\",\"item\":\"https:\\\/\\\/venlaaakko.fi\\\/\"},{\"@type\":\"ListItem\",\"position\":2,\"name\":\"Journalisti\"}]},{\"@type\":\"WebSite\",\"@id\":\"https:\\\/\\\/venlaaakko.fi\\\/#website\",\"url\":\"https:\\\/\\\/venlaaakko.fi\\\/\",\"name\":\"Venla Aakko\",\"description\":\"K\u00e4sikirjoittaja\",\"publisher\":{\"@id\":\"https:\\\/\\\/venlaaakko.fi\\\/#\\\/schema\\\/person\\\/4a4ccc23ac20c2431c074b994c0b464c\"},\"potentialAction\":[{\"@type\":\"SearchAction\",\"target\":{\"@type\":\"EntryPoint\",\"urlTemplate\":\"https:\\\/\\\/venlaaakko.fi\\\/?s={search_term_string}\"},\"query-input\":{\"@type\":\"PropertyValueSpecification\",\"valueRequired\":true,\"valueName\":\"search_term_string\"}}],\"inLanguage\":\"en-US\"},{\"@type\":[\"Person\",\"Organization\"],\"@id\":\"https:\\\/\\\/venlaaakko.fi\\\/#\\\/schema\\\/person\\\/4a4ccc23ac20c2431c074b994c0b464c\",\"name\":\"Venla Aakko\",\"image\":{\"@type\":\"ImageObject\",\"inLanguage\":\"en-US\",\"@id\":\"http:\\\/\\\/venlaaakko.fi\\\/wp-content\\\/uploads\\\/2021\\\/10\\\/venla_aakko1karuselli1600.jpg\",\"url\":\"http:\\\/\\\/venlaaakko.fi\\\/wp-content\\\/uploads\\\/2021\\\/10\\\/venla_aakko1karuselli1600.jpg\",\"contentUrl\":\"http:\\\/\\\/venlaaakko.fi\\\/wp-content\\\/uploads\\\/2021\\\/10\\\/venla_aakko1karuselli1600.jpg\",\"width\":1600,\"height\":900,\"caption\":\"Venla Aakko\"},\"logo\":{\"@id\":\"http:\\\/\\\/venlaaakko.fi\\\/wp-content\\\/uploads\\\/2021\\\/10\\\/venla_aakko1karuselli1600.jpg\"},\"sameAs\":[\"https:\\\/\\\/www.facebook.com\\\/venla.aakko\",\"https:\\\/\\\/www.instagram.com\\\/venlaakko\\\/\",\"https:\\\/\\\/fi.linkedin.com\\\/in\\\/venla-aakko-43588582\"]}]}<\/script>\n<!-- \/ Yoast SEO plugin. -->","yoast_head_json":{"title":"(suomeksi) Journalisti - Venla Aakko","robots":{"index":"index","follow":"follow","max-snippet":"max-snippet:-1","max-image-preview":"max-image-preview:large","max-video-preview":"max-video-preview:-1"},"canonical":"https:\/\/venlaaakko.fi\/en\/journalisti\/","og_locale":"en_US","og_type":"article","og_title":"(suomeksi) Journalisti - Venla Aakko","og_description":"Kirjoitin \u00e4itini viimeisest\u00e4 vuodesta jutun Helsingin Sanomien kuukausiliitteelle, ja juttu julkaistiin \u00e4itienp\u00e4iv\u00e4n\u00e4 2016. Lukijat l\u00e4hettiv\u00e4t palautetta t\u00e4st\u00e4 tarinasta pitk\u00e4\u00e4n. Lue juttu t\u00e4\u00e4lt\u00e4. \u00a0 Viikko-Kaleva Miksi Matti Ahdetta pit\u00e4isi viel\u00e4 kiusata? Vuonna 2002 Veikkauksen johtaja oli paljastunut ahdistelijaksi, mutta osa suomalaisista medioista julkaisi h\u00e4nest\u00e4 vain my\u00f6nteisi\u00e4 juttuja ja lopulta kohu k\u00e4\u00e4ntyi poliittiseksi voitoksi. Me too -liikett\u00e4 [&hellip;]","og_url":"https:\/\/venlaaakko.fi\/journalisti\/","og_site_name":"Venla Aakko","article_publisher":"https:\/\/www.facebook.com\/venla.aakko","article_modified_time":"2025-12-09T06:14:04+00:00","twitter_card":"summary_large_image","twitter_misc":{"Est. reading time":"2 minutes"},"schema":{"@context":"https:\/\/schema.org","@graph":[{"@type":"WebPage","@id":"https:\/\/venlaaakko.fi\/journalisti\/","url":"https:\/\/venlaaakko.fi\/journalisti\/","name":"(suomeksi) Journalisti - Venla Aakko","isPartOf":{"@id":"https:\/\/venlaaakko.fi\/#website"},"datePublished":"2021-10-18T07:38:39+00:00","dateModified":"2025-12-09T06:14:04+00:00","breadcrumb":{"@id":"https:\/\/venlaaakko.fi\/journalisti\/#breadcrumb"},"inLanguage":"en-US","potentialAction":[{"@type":"ReadAction","target":["https:\/\/venlaaakko.fi\/journalisti\/"]}]},{"@type":"BreadcrumbList","@id":"https:\/\/venlaaakko.fi\/journalisti\/#breadcrumb","itemListElement":[{"@type":"ListItem","position":1,"name":"Etusivu","item":"https:\/\/venlaaakko.fi\/"},{"@type":"ListItem","position":2,"name":"Journalisti"}]},{"@type":"WebSite","@id":"https:\/\/venlaaakko.fi\/#website","url":"https:\/\/venlaaakko.fi\/","name":"Venla Aakko","description":"K\u00e4sikirjoittaja","publisher":{"@id":"https:\/\/venlaaakko.fi\/#\/schema\/person\/4a4ccc23ac20c2431c074b994c0b464c"},"potentialAction":[{"@type":"SearchAction","target":{"@type":"EntryPoint","urlTemplate":"https:\/\/venlaaakko.fi\/?s={search_term_string}"},"query-input":{"@type":"PropertyValueSpecification","valueRequired":true,"valueName":"search_term_string"}}],"inLanguage":"en-US"},{"@type":["Person","Organization"],"@id":"https:\/\/venlaaakko.fi\/#\/schema\/person\/4a4ccc23ac20c2431c074b994c0b464c","name":"Venla Aakko","image":{"@type":"ImageObject","inLanguage":"en-US","@id":"http:\/\/venlaaakko.fi\/wp-content\/uploads\/2021\/10\/venla_aakko1karuselli1600.jpg","url":"http:\/\/venlaaakko.fi\/wp-content\/uploads\/2021\/10\/venla_aakko1karuselli1600.jpg","contentUrl":"http:\/\/venlaaakko.fi\/wp-content\/uploads\/2021\/10\/venla_aakko1karuselli1600.jpg","width":1600,"height":900,"caption":"Venla Aakko"},"logo":{"@id":"http:\/\/venlaaakko.fi\/wp-content\/uploads\/2021\/10\/venla_aakko1karuselli1600.jpg"},"sameAs":["https:\/\/www.facebook.com\/venla.aakko","https:\/\/www.instagram.com\/venlaakko\/","https:\/\/fi.linkedin.com\/in\/venla-aakko-43588582"]}]}},"_links":{"self":[{"href":"https:\/\/venlaaakko.fi\/en\/wp-json\/wp\/v2\/pages\/232","targetHints":{"allow":["GET"]}}],"collection":[{"href":"https:\/\/venlaaakko.fi\/en\/wp-json\/wp\/v2\/pages"}],"about":[{"href":"https:\/\/venlaaakko.fi\/en\/wp-json\/wp\/v2\/types\/page"}],"author":[{"embeddable":true,"href":"https:\/\/venlaaakko.fi\/en\/wp-json\/wp\/v2\/users\/2"}],"replies":[{"embeddable":true,"href":"https:\/\/venlaaakko.fi\/en\/wp-json\/wp\/v2\/comments?post=232"}],"version-history":[{"count":28,"href":"https:\/\/venlaaakko.fi\/en\/wp-json\/wp\/v2\/pages\/232\/revisions"}],"predecessor-version":[{"id":777,"href":"https:\/\/venlaaakko.fi\/en\/wp-json\/wp\/v2\/pages\/232\/revisions\/777"}],"wp:attachment":[{"href":"https:\/\/venlaaakko.fi\/en\/wp-json\/wp\/v2\/media?parent=232"}],"curies":[{"name":"wp","href":"https:\/\/api.w.org\/{rel}","templated":true}]}}