{"id":87,"date":"2021-10-12T21:24:57","date_gmt":"2021-10-12T18:24:57","guid":{"rendered":"https:\/\/venlaaakko.fi\/?page_id=87"},"modified":"2021-10-25T16:12:26","modified_gmt":"2021-10-25T13:12:26","slug":"juttuarkisto","status":"publish","type":"page","link":"https:\/\/venlaaakko.fi\/en\/juttuarkisto\/","title":{"rendered":"Juttuarkisto"},"content":{"rendered":"\n<h2 class=\"wp-block-heading\">Haastatteluja<\/h2>\n\n\n\n<p>Helsingin Sanomat<br><a rel=\"noreferrer noopener\" href=\"https:\/\/www.hs.fi\/kulttuuri\/art-2000006605699.html\" target=\"_blank\">https:\/\/www.hs.fi\/kulttuuri\/art-2000006605699.html<\/a><\/p>\n\n\n\n<p><\/p>\n\n\n\n<figure class=\"wp-block-embed is-type-rich is-provider-mixcloud wp-block-embed-mixcloud wp-embed-aspect-21-9 wp-has-aspect-ratio\"><div class=\"wp-block-embed__wrapper\">\n<iframe loading=\"lazy\" title=\"T\u00e4pin\u00e4 (10.10.2021)\" width=\"100%\" height=\"120\" src=\"https:\/\/www.mixcloud.com\/widget\/iframe\/?feed=https%3A%2F%2Fwww.mixcloud.com%2FKROFM%2Ft%25C3%25A4pin%25C3%25A4-10102021%2F&amp;hide_cover=1\" frameborder=\"0\"><\/iframe>\n<\/div><figcaption><br>T\u00c4PIN\u00c4ss\u00e4 vieraana k\u00e4sikirjoittaja Venla Aakko, joka on toinen Kaikki synnit -televisiosarjan luojista ja k\u00e4sikirjoittajista.<br>Aiheena muun muassa k\u00e4sikirjoittaminen, Kaikki synnit -sarjan tekeminen, kirjoittaminen, toimittajuus Oulu sek\u00e4 tietenkin se, mist\u00e4 Venla on t\u00e4pin\u00f6iss\u00e4\u00e4n. Kuulette my\u00f6s monipuolisen kattauksen Venlan lempimusiikkia.<\/figcaption><\/figure>\n\n\n\n<p>Kaleva<br><a rel=\"noreferrer noopener\" href=\"http:\/\/venlaaakko.fi\/wp-content\/uploads\/2021\/10\/kalevaVenlaAakko50.pdf\" data-type=\"URL\" data-id=\"http:\/\/venlaaakko.fi\/wp-content\/uploads\/2021\/10\/kalevaVenlaAakko50.pdf\" target=\"_blank\">Toimittajavuodet valmistivat k\u00e4sikirjoittajaksi<\/a> (PDF-liite)<\/p>\n\n\n\n<p>Kalevan opiskelu &amp; ammatit liite<br><a rel=\"noreferrer noopener\" href=\"http:\/\/venlaaakko.fi\/wp-content\/uploads\/2021\/10\/Kaleva_opiskeluliite_VenlaAakko.pdf\" data-type=\"URL\" data-id=\"http:\/\/venlaaakko.fi\/wp-content\/uploads\/2021\/10\/Kaleva_opiskeluliite_VenlaAakko.pdf\" target=\"_blank\">Kiertotie vei nuoruuden unelma-ammattiin<\/a> (PDF-liite)<\/p>\n\n\n\n<p>Rantalakeus<br><a rel=\"noreferrer noopener\" href=\"http:\/\/venlaaakko.fi\/wp-content\/uploads\/2021\/10\/Rantalakeus_VenlaAakkoIMG_5729.pdf\" data-type=\"URL\" data-id=\"http:\/\/venlaaakko.fi\/wp-content\/uploads\/2021\/10\/Rantalakeus_VenlaAakkoIMG_5729.pdf\" target=\"_blank\">Kaikki synnit on aikahyppy 90-luvulle<\/a> (PDF-liite)<br><br>Oulun yliopiston alumnitarinat<br><a rel=\"noreferrer noopener\" href=\"https:\/\/www.oulu.fi\/fi\/alumnitarinat\/kasikirjoittaja-herattaa-kysymyksia-fiktion-avulla\" target=\"_blank\">https:\/\/www.oulu.fi\/fi\/alumnitarinat\/kasikirjoittaja-herattaa-kysymyksia-fiktion-avulla<\/a><\/p>\n\n\n\n<p>Mun Oulu<br><a href=\"https:\/\/www.munoulu.fi\/artikkeli\/-\/id\/kaikki-synnit-sarja-saa-paatepisteensa-viimeista-\ntuotantokautta-kuvataan-parhaillaan-oulun-seudulla\" target=\"_blank\" rel=\"noreferrer noopener\">https:\/\/www.munoulu.fi\/artikkeli\/-\/id\/kaikki-synnit-sarja-saa-paatepisteensa-viimeista-<br>tuotantokautta-kuvataan-parhaillaan-oulun-seudulla<\/a><\/p>\n\n\n\n<p>Drama Quarterly<br><a href=\"https:\/\/dramaquarterly.com\/finnish-with-a-flourish\/\" target=\"_blank\" rel=\"noreferrer noopener\">https:\/\/dramaquarterly.com\/finnish-with-a-flourish\/<\/a><\/p>\n\n\n\n<p>Variety<br><a href=\"https:\/\/variety.com\/2019\/film\/global\/mika-ronkainen-merja-aakko-all-our-sins-finland-bible-belt-\" target=\"_blank\" rel=\"noreferrer noopener\">https:\/\/variety.com\/2019\/film\/global\/mika-ronkainen-merja-aakko-all-our-sins-finland-bible-belt-<\/a><\/p>\n\n\n\n<p>Kaleva<a href=\"https:\/\/www.kaleva.fi\/oulun-seudulla-kuvatulle-kaikki-synnit-rikossarjal\/1669843\" target=\"_blank\" rel=\"noreferrer noopener\"><br>https:\/\/www.kaleva.fi\/oulun-seudulla-kuvatulle-kaikki-synnit-rikossarjal\/1669843<\/a><\/p>\n\n\n\n<h2 class=\"wp-block-heading\">Kritiikkej\u00e4<\/h2>\n\n\n\n<p>New York Times<br><a href=\"https:\/\/www.nytimes.com\/2020\/02\/03\/arts\/television\/new-nordic-tv-series.html\" target=\"_blank\" rel=\"noreferrer noopener\">https:\/\/www.nytimes.com\/2020\/02\/03\/arts\/television\/new-nordic-tv-series.html<\/a><\/p>\n\n\n\n<p>Guardian<br><a href=\"https:\/\/www.theguardian.com\/tv-and-radio\/2021\/jan\/31\/lupin-review-call-my-agent-4-all-the-sins-\ntrump-show-downfall\" target=\"_blank\" rel=\"noreferrer noopener\">https:\/\/www.theguardian.com\/tv-and-radio\/2021\/jan\/31\/lupin-review-call-my-agent-4-all-the-sins-<br>trump-show-downfall<\/a><\/p>\n\n\n\n<p>Foreign Crime Media<br><a href=\"https:\/\/foreigncrimedrama.com\/all-the-sins-review\/\" target=\"_blank\" rel=\"noreferrer noopener\">https:\/\/foreigncrimedrama.com\/all-the-sins-review\/<\/a><\/p>\n\n\n\n<p>Helsingin Sanomat<br><a href=\"https:\/\/www.hs.fi\/kulttuuri\/art-2000006060360.html1203102383\/\" target=\"_blank\" rel=\"noreferrer noopener\">https:\/\/www.hs.fi\/kulttuuri\/art-2000006060360.html1203102383\/<\/a><\/p>\n\n\n\n<p>Helsingin Sanomat<br><a href=\"https:\/\/www.hs.fi\/kulttuuri\/art-2000006676909.html\" target=\"_blank\" rel=\"noreferrer noopener\">https:\/\/www.hs.fi\/kulttuuri\/art-2000006676909.html<\/a><\/p>\n\n\n\n<p>Me Naiset<br><a href=\"https:\/\/www.is.fi\/menaiset\/ilmiot\/art-2000006730706.html\" target=\"_blank\" rel=\"noreferrer noopener\">https:\/\/www.is.fi\/menaiset\/ilmiot\/art-2000006730706.html<\/a><\/p>\n\n\n\n<p>Vartija<br><a href=\"https:\/\/www.vartija-lehti.fi\/kaikki-synnit-sarja-menee-ihon-alle\/\" target=\"_blank\" rel=\"noreferrer noopener\">https:\/\/www.vartija-lehti.fi\/kaikki-synnit-sarja-menee-ihon-alle\/<\/a><\/p>\n\n\n\n<p>Kotimaa<br><a href=\"https:\/\/www.kotimaa.fi\/artikkeli\/arvio-kaikki-synnit-sarjan-toinen-kausi-porautuu-entista-\nsyvemmalle-lestadiolaiseen-mielenmaisemaan\/\" target=\"_blank\" rel=\"noreferrer noopener\">https:\/\/www.kotimaa.fi\/artikkeli\/arvio-kaikki-synnit-sarjan-toinen-kausi-porautuu-entista-<br>syvemmalle-lestadiolaiseen-mielenmaisemaan\/<\/a><\/p>\n\n\n\n<p>Aamulehti<br><a href=\"https:\/\/www.aamulehti.fi\/televisio\/art-2000007592538.html\" target=\"_blank\" rel=\"noreferrer noopener\">https:\/\/www.aamulehti.fi\/televisio\/art-2000007592538.html<\/a><\/p>\n","protected":false},"excerpt":{"rendered":"<p>Haastatteluja Helsingin Sanomathttps:\/\/www.hs.fi\/kulttuuri\/art-2000006605699.html KalevaToimittajavuodet valmistivat k\u00e4sikirjoittajaksi (PDF-liite) Kalevan opiskelu &amp; ammatit liiteKiertotie vei nuoruuden unelma-ammattiin (PDF-liite) RantalakeusKaikki synnit on aikahyppy 90-luvulle (PDF-liite) Oulun yliopiston alumnitarinathttps:\/\/www.oulu.fi\/fi\/alumnitarinat\/kasikirjoittaja-herattaa-kysymyksia-fiktion-avulla Mun Ouluhttps:\/\/www.munoulu.fi\/artikkeli\/-\/id\/kaikki-synnit-sarja-saa-paatepisteensa-viimeista-tuotantokautta-kuvataan-parhaillaan-oulun-seudulla Drama Quarterlyhttps:\/\/dramaquarterly.com\/finnish-with-a-flourish\/ Varietyhttps:\/\/variety.com\/2019\/film\/global\/mika-ronkainen-merja-aakko-all-our-sins-finland-bible-belt- Kalevahttps:\/\/www.kaleva.fi\/oulun-seudulla-kuvatulle-kaikki-synnit-rikossarjal\/1669843 Kritiikkej\u00e4 New York Timeshttps:\/\/www.nytimes.com\/2020\/02\/03\/arts\/television\/new-nordic-tv-series.html Guardianhttps:\/\/www.theguardian.com\/tv-and-radio\/2021\/jan\/31\/lupin-review-call-my-agent-4-all-the-sins-trump-show-downfall Foreign Crime Mediahttps:\/\/foreigncrimedrama.com\/all-the-sins-review\/ Helsingin Sanomathttps:\/\/www.hs.fi\/kulttuuri\/art-2000006060360.html1203102383\/ Helsingin Sanomathttps:\/\/www.hs.fi\/kulttuuri\/art-2000006676909.html Me Naisethttps:\/\/www.is.fi\/menaiset\/ilmiot\/art-2000006730706.html Vartijahttps:\/\/www.vartija-lehti.fi\/kaikki-synnit-sarja-menee-ihon-alle\/ Kotimaahttps:\/\/www.kotimaa.fi\/artikkeli\/arvio-kaikki-synnit-sarjan-toinen-kausi-porautuu-entista-syvemmalle-lestadiolaiseen-mielenmaisemaan\/ Aamulehtihttps:\/\/www.aamulehti.fi\/televisio\/art-2000007592538.html<\/p>\n","protected":false},"author":2,"featured_media":0,"parent":0,"menu_order":0,"comment_status":"closed","ping_status":"closed","template":"","meta":{"_genesis_hide_title":false,"_genesis_hide_breadcrumbs":false,"_genesis_hide_singular_image":false,"_genesis_hide_footer_widgets":false,"_genesis_custom_body_class":"","_genesis_custom_post_class":"","_genesis_layout":"","footnotes":""},"class_list":{"0":"post-87","1":"page","2":"type-page","3":"status-publish","5":"entry"},"yoast_head":"<!-- This site is optimized with the Yoast SEO plugin v27.5 - https:\/\/yoast.com\/product\/yoast-seo-wordpress\/ -->\n<title>Juttuarkisto - Venla Aakko<\/title>\n<meta name=\"robots\" content=\"index, follow, max-snippet:-1, max-image-preview:large, max-video-preview:-1\" \/>\n<link rel=\"canonical\" href=\"https:\/\/venlaaakko.fi\/en\/juttuarkisto\/\" \/>\n<meta property=\"og:locale\" content=\"en_US\" \/>\n<meta property=\"og:type\" content=\"article\" \/>\n<meta property=\"og:title\" content=\"Juttuarkisto - Venla Aakko\" \/>\n<meta property=\"og:description\" content=\"Haastatteluja Helsingin Sanomathttps:\/\/www.hs.fi\/kulttuuri\/art-2000006605699.html KalevaToimittajavuodet valmistivat k\u00e4sikirjoittajaksi (PDF-liite) Kalevan opiskelu &amp; ammatit liiteKiertotie vei nuoruuden unelma-ammattiin (PDF-liite) RantalakeusKaikki synnit on aikahyppy 90-luvulle (PDF-liite) Oulun yliopiston alumnitarinathttps:\/\/www.oulu.fi\/fi\/alumnitarinat\/kasikirjoittaja-herattaa-kysymyksia-fiktion-avulla Mun Ouluhttps:\/\/www.munoulu.fi\/artikkeli\/-\/id\/kaikki-synnit-sarja-saa-paatepisteensa-viimeista-tuotantokautta-kuvataan-parhaillaan-oulun-seudulla Drama Quarterlyhttps:\/\/dramaquarterly.com\/finnish-with-a-flourish\/ Varietyhttps:\/\/variety.com\/2019\/film\/global\/mika-ronkainen-merja-aakko-all-our-sins-finland-bible-belt- Kalevahttps:\/\/www.kaleva.fi\/oulun-seudulla-kuvatulle-kaikki-synnit-rikossarjal\/1669843 Kritiikkej\u00e4 New York Timeshttps:\/\/www.nytimes.com\/2020\/02\/03\/arts\/television\/new-nordic-tv-series.html Guardianhttps:\/\/www.theguardian.com\/tv-and-radio\/2021\/jan\/31\/lupin-review-call-my-agent-4-all-the-sins-trump-show-downfall Foreign Crime Mediahttps:\/\/foreigncrimedrama.com\/all-the-sins-review\/ Helsingin Sanomathttps:\/\/www.hs.fi\/kulttuuri\/art-2000006060360.html1203102383\/ Helsingin Sanomathttps:\/\/www.hs.fi\/kulttuuri\/art-2000006676909.html Me Naisethttps:\/\/www.is.fi\/menaiset\/ilmiot\/art-2000006730706.html Vartijahttps:\/\/www.vartija-lehti.fi\/kaikki-synnit-sarja-menee-ihon-alle\/ Kotimaahttps:\/\/www.kotimaa.fi\/artikkeli\/arvio-kaikki-synnit-sarjan-toinen-kausi-porautuu-entista-syvemmalle-lestadiolaiseen-mielenmaisemaan\/ Aamulehtihttps:\/\/www.aamulehti.fi\/televisio\/art-2000007592538.html\" \/>\n<meta property=\"og:url\" content=\"https:\/\/venlaaakko.fi\/juttuarkisto\/\" \/>\n<meta property=\"og:site_name\" content=\"Venla Aakko\" \/>\n<meta property=\"article:publisher\" content=\"https:\/\/www.facebook.com\/venla.aakko\" \/>\n<meta property=\"article:modified_time\" content=\"2021-10-25T13:12:26+00:00\" \/>\n<meta name=\"twitter:card\" content=\"summary_large_image\" \/>\n<meta name=\"twitter:label1\" content=\"Est. reading time\" \/>\n\t<meta name=\"twitter:data1\" content=\"1 minute\" \/>\n<script type=\"application\/ld+json\" class=\"yoast-schema-graph\">{\"@context\":\"https:\\\/\\\/schema.org\",\"@graph\":[{\"@type\":\"WebPage\",\"@id\":\"https:\\\/\\\/venlaaakko.fi\\\/juttuarkisto\\\/\",\"url\":\"https:\\\/\\\/venlaaakko.fi\\\/juttuarkisto\\\/\",\"name\":\"Juttuarkisto - Venla Aakko\",\"isPartOf\":{\"@id\":\"https:\\\/\\\/venlaaakko.fi\\\/#website\"},\"datePublished\":\"2021-10-12T18:24:57+00:00\",\"dateModified\":\"2021-10-25T13:12:26+00:00\",\"breadcrumb\":{\"@id\":\"https:\\\/\\\/venlaaakko.fi\\\/juttuarkisto\\\/#breadcrumb\"},\"inLanguage\":\"en-US\",\"potentialAction\":[{\"@type\":\"ReadAction\",\"target\":[\"https:\\\/\\\/venlaaakko.fi\\\/juttuarkisto\\\/\"]}]},{\"@type\":\"BreadcrumbList\",\"@id\":\"https:\\\/\\\/venlaaakko.fi\\\/juttuarkisto\\\/#breadcrumb\",\"itemListElement\":[{\"@type\":\"ListItem\",\"position\":1,\"name\":\"Etusivu\",\"item\":\"https:\\\/\\\/venlaaakko.fi\\\/\"},{\"@type\":\"ListItem\",\"position\":2,\"name\":\"Juttuarkisto\"}]},{\"@type\":\"WebSite\",\"@id\":\"https:\\\/\\\/venlaaakko.fi\\\/#website\",\"url\":\"https:\\\/\\\/venlaaakko.fi\\\/\",\"name\":\"Venla Aakko\",\"description\":\"K\u00e4sikirjoittaja\",\"publisher\":{\"@id\":\"https:\\\/\\\/venlaaakko.fi\\\/#\\\/schema\\\/person\\\/4a4ccc23ac20c2431c074b994c0b464c\"},\"potentialAction\":[{\"@type\":\"SearchAction\",\"target\":{\"@type\":\"EntryPoint\",\"urlTemplate\":\"https:\\\/\\\/venlaaakko.fi\\\/?s={search_term_string}\"},\"query-input\":{\"@type\":\"PropertyValueSpecification\",\"valueRequired\":true,\"valueName\":\"search_term_string\"}}],\"inLanguage\":\"en-US\"},{\"@type\":[\"Person\",\"Organization\"],\"@id\":\"https:\\\/\\\/venlaaakko.fi\\\/#\\\/schema\\\/person\\\/4a4ccc23ac20c2431c074b994c0b464c\",\"name\":\"Venla Aakko\",\"image\":{\"@type\":\"ImageObject\",\"inLanguage\":\"en-US\",\"@id\":\"http:\\\/\\\/venlaaakko.fi\\\/wp-content\\\/uploads\\\/2021\\\/10\\\/venla_aakko1karuselli1600.jpg\",\"url\":\"http:\\\/\\\/venlaaakko.fi\\\/wp-content\\\/uploads\\\/2021\\\/10\\\/venla_aakko1karuselli1600.jpg\",\"contentUrl\":\"http:\\\/\\\/venlaaakko.fi\\\/wp-content\\\/uploads\\\/2021\\\/10\\\/venla_aakko1karuselli1600.jpg\",\"width\":1600,\"height\":900,\"caption\":\"Venla Aakko\"},\"logo\":{\"@id\":\"http:\\\/\\\/venlaaakko.fi\\\/wp-content\\\/uploads\\\/2021\\\/10\\\/venla_aakko1karuselli1600.jpg\"},\"sameAs\":[\"https:\\\/\\\/www.facebook.com\\\/venla.aakko\",\"https:\\\/\\\/www.instagram.com\\\/venlaakko\\\/\",\"https:\\\/\\\/fi.linkedin.com\\\/in\\\/venla-aakko-43588582\"]}]}<\/script>\n<!-- \/ Yoast SEO plugin. -->","yoast_head_json":{"title":"Juttuarkisto - Venla Aakko","robots":{"index":"index","follow":"follow","max-snippet":"max-snippet:-1","max-image-preview":"max-image-preview:large","max-video-preview":"max-video-preview:-1"},"canonical":"https:\/\/venlaaakko.fi\/en\/juttuarkisto\/","og_locale":"en_US","og_type":"article","og_title":"Juttuarkisto - Venla Aakko","og_description":"Haastatteluja Helsingin Sanomathttps:\/\/www.hs.fi\/kulttuuri\/art-2000006605699.html KalevaToimittajavuodet valmistivat k\u00e4sikirjoittajaksi (PDF-liite) Kalevan opiskelu &amp; ammatit liiteKiertotie vei nuoruuden unelma-ammattiin (PDF-liite) RantalakeusKaikki synnit on aikahyppy 90-luvulle (PDF-liite) Oulun yliopiston alumnitarinathttps:\/\/www.oulu.fi\/fi\/alumnitarinat\/kasikirjoittaja-herattaa-kysymyksia-fiktion-avulla Mun Ouluhttps:\/\/www.munoulu.fi\/artikkeli\/-\/id\/kaikki-synnit-sarja-saa-paatepisteensa-viimeista-tuotantokautta-kuvataan-parhaillaan-oulun-seudulla Drama Quarterlyhttps:\/\/dramaquarterly.com\/finnish-with-a-flourish\/ Varietyhttps:\/\/variety.com\/2019\/film\/global\/mika-ronkainen-merja-aakko-all-our-sins-finland-bible-belt- Kalevahttps:\/\/www.kaleva.fi\/oulun-seudulla-kuvatulle-kaikki-synnit-rikossarjal\/1669843 Kritiikkej\u00e4 New York Timeshttps:\/\/www.nytimes.com\/2020\/02\/03\/arts\/television\/new-nordic-tv-series.html Guardianhttps:\/\/www.theguardian.com\/tv-and-radio\/2021\/jan\/31\/lupin-review-call-my-agent-4-all-the-sins-trump-show-downfall Foreign Crime Mediahttps:\/\/foreigncrimedrama.com\/all-the-sins-review\/ Helsingin Sanomathttps:\/\/www.hs.fi\/kulttuuri\/art-2000006060360.html1203102383\/ Helsingin Sanomathttps:\/\/www.hs.fi\/kulttuuri\/art-2000006676909.html Me Naisethttps:\/\/www.is.fi\/menaiset\/ilmiot\/art-2000006730706.html Vartijahttps:\/\/www.vartija-lehti.fi\/kaikki-synnit-sarja-menee-ihon-alle\/ Kotimaahttps:\/\/www.kotimaa.fi\/artikkeli\/arvio-kaikki-synnit-sarjan-toinen-kausi-porautuu-entista-syvemmalle-lestadiolaiseen-mielenmaisemaan\/ Aamulehtihttps:\/\/www.aamulehti.fi\/televisio\/art-2000007592538.html","og_url":"https:\/\/venlaaakko.fi\/juttuarkisto\/","og_site_name":"Venla Aakko","article_publisher":"https:\/\/www.facebook.com\/venla.aakko","article_modified_time":"2021-10-25T13:12:26+00:00","twitter_card":"summary_large_image","twitter_misc":{"Est. reading time":"1 minute"},"schema":{"@context":"https:\/\/schema.org","@graph":[{"@type":"WebPage","@id":"https:\/\/venlaaakko.fi\/juttuarkisto\/","url":"https:\/\/venlaaakko.fi\/juttuarkisto\/","name":"Juttuarkisto - Venla Aakko","isPartOf":{"@id":"https:\/\/venlaaakko.fi\/#website"},"datePublished":"2021-10-12T18:24:57+00:00","dateModified":"2021-10-25T13:12:26+00:00","breadcrumb":{"@id":"https:\/\/venlaaakko.fi\/juttuarkisto\/#breadcrumb"},"inLanguage":"en-US","potentialAction":[{"@type":"ReadAction","target":["https:\/\/venlaaakko.fi\/juttuarkisto\/"]}]},{"@type":"BreadcrumbList","@id":"https:\/\/venlaaakko.fi\/juttuarkisto\/#breadcrumb","itemListElement":[{"@type":"ListItem","position":1,"name":"Etusivu","item":"https:\/\/venlaaakko.fi\/"},{"@type":"ListItem","position":2,"name":"Juttuarkisto"}]},{"@type":"WebSite","@id":"https:\/\/venlaaakko.fi\/#website","url":"https:\/\/venlaaakko.fi\/","name":"Venla Aakko","description":"K\u00e4sikirjoittaja","publisher":{"@id":"https:\/\/venlaaakko.fi\/#\/schema\/person\/4a4ccc23ac20c2431c074b994c0b464c"},"potentialAction":[{"@type":"SearchAction","target":{"@type":"EntryPoint","urlTemplate":"https:\/\/venlaaakko.fi\/?s={search_term_string}"},"query-input":{"@type":"PropertyValueSpecification","valueRequired":true,"valueName":"search_term_string"}}],"inLanguage":"en-US"},{"@type":["Person","Organization"],"@id":"https:\/\/venlaaakko.fi\/#\/schema\/person\/4a4ccc23ac20c2431c074b994c0b464c","name":"Venla Aakko","image":{"@type":"ImageObject","inLanguage":"en-US","@id":"http:\/\/venlaaakko.fi\/wp-content\/uploads\/2021\/10\/venla_aakko1karuselli1600.jpg","url":"http:\/\/venlaaakko.fi\/wp-content\/uploads\/2021\/10\/venla_aakko1karuselli1600.jpg","contentUrl":"http:\/\/venlaaakko.fi\/wp-content\/uploads\/2021\/10\/venla_aakko1karuselli1600.jpg","width":1600,"height":900,"caption":"Venla Aakko"},"logo":{"@id":"http:\/\/venlaaakko.fi\/wp-content\/uploads\/2021\/10\/venla_aakko1karuselli1600.jpg"},"sameAs":["https:\/\/www.facebook.com\/venla.aakko","https:\/\/www.instagram.com\/venlaakko\/","https:\/\/fi.linkedin.com\/in\/venla-aakko-43588582"]}]}},"_links":{"self":[{"href":"https:\/\/venlaaakko.fi\/en\/wp-json\/wp\/v2\/pages\/87","targetHints":{"allow":["GET"]}}],"collection":[{"href":"https:\/\/venlaaakko.fi\/en\/wp-json\/wp\/v2\/pages"}],"about":[{"href":"https:\/\/venlaaakko.fi\/en\/wp-json\/wp\/v2\/types\/page"}],"author":[{"embeddable":true,"href":"https:\/\/venlaaakko.fi\/en\/wp-json\/wp\/v2\/users\/2"}],"replies":[{"embeddable":true,"href":"https:\/\/venlaaakko.fi\/en\/wp-json\/wp\/v2\/comments?post=87"}],"version-history":[{"count":20,"href":"https:\/\/venlaaakko.fi\/en\/wp-json\/wp\/v2\/pages\/87\/revisions"}],"predecessor-version":[{"id":453,"href":"https:\/\/venlaaakko.fi\/en\/wp-json\/wp\/v2\/pages\/87\/revisions\/453"}],"wp:attachment":[{"href":"https:\/\/venlaaakko.fi\/en\/wp-json\/wp\/v2\/media?parent=87"}],"curies":[{"name":"wp","href":"https:\/\/api.w.org\/{rel}","templated":true}]}}